{"id":2370,"date":"2023-11-13T19:54:58","date_gmt":"2023-11-13T17:54:58","guid":{"rendered":"https:\/\/vcr2cxsq447.c.updraftclone.com\/haajuhla\/"},"modified":"2026-03-19T09:05:50","modified_gmt":"2026-03-19T07:05:50","slug":"haajuhla","status":"publish","type":"page","link":"https:\/\/skargardsskolan.fi\/fi\/haajuhla\/","title":{"rendered":"H\u00e4\u00e4juhla"},"content":{"rendered":"\n<div class=\"wp-block-uagb-container uagb-block-3a79fc36 alignfull uagb-is-root-container\"><div class=\"uagb-container-inner-blocks-wrap\">\n<h3 class=\"wp-block-heading\">Naimisiin saaristossa<\/h3>\n\n\n\n<p>Haaveiletko aidoista saaristoh\u00e4ist\u00e4? Niihin saaristokoulu on t\u00e4ydellinen paikka. Tarjoamme majoitusta yli sadalle h\u00e4\u00e4juhlan vieraalle, kirkko on k\u00e4velymatkan p\u00e4\u00e4ss\u00e4 (500 metri\u00e4), meill\u00e4 on oma catering-yhteisty\u00f6kumppani (Anders Fagerlund) ja upea milj\u00f6\u00f6.<\/p>\n\n\n\n<p>Autamme sinua l\u00f6yt\u00e4m\u00e4\u00e4n paikallisia toimijoita h\u00e4\u00e4juhlasi toteuttamiseen.<\/p>\n\n\n\n<p><a href=\"https:\/\/skargardsskolan.fi\/fi\/yhteystiedot\/\" target=\"_blank\" rel=\"noopener\">Ota yhteytt\u00e4<\/a>, niin j\u00e4rjestet\u00e4\u00e4n asiat!<\/p>\n<\/div><\/div>\n","protected":false},"excerpt":{"rendered":"<p>Naimisiin saaristossa Haaveiletko aidoista saaristoh\u00e4ist\u00e4? Niihin saaristokoulu on t\u00e4ydellinen paikka. Tarjoamme majoitusta yli sadalle h\u00e4\u00e4juhlan vieraalle, kirkko on k\u00e4velymatkan p\u00e4\u00e4ss\u00e4 (500 metri\u00e4), meill\u00e4 on oma catering-yhteisty\u00f6kumppani (Anders Fagerlund) ja upea milj\u00f6\u00f6. Autamme sinua l\u00f6yt\u00e4m\u00e4\u00e4n paikallisia toimijoita h\u00e4\u00e4juhlasi toteuttamiseen. Ota yhteytt\u00e4, niin j\u00e4rjestet\u00e4\u00e4n asiat!<\/p>\n","protected":false},"author":1,"featured_media":2427,"parent":0,"menu_order":4,"comment_status":"closed","ping_status":"closed","template":"","meta":{"_uag_custom_page_level_css":"","site-sidebar-layout":"default","site-content-layout":"","ast-site-content-layout":"default","site-content-style":"default","site-sidebar-style":"default","ast-global-header-display":"","ast-banner-title-visibility":"","ast-main-header-display":"","ast-hfb-above-header-display":"","ast-hfb-below-header-display":"","ast-hfb-mobile-header-display":"","site-post-title":"","ast-breadcrumbs-content":"","ast-featured-img":"","footer-sml-layout":"","ast-disable-related-posts":"","theme-transparent-header-meta":"","adv-header-id-meta":"","stick-header-meta":"","header-above-stick-meta":"","header-main-stick-meta":"","header-below-stick-meta":"","astra-migrate-meta-layouts":"default","ast-page-background-enabled":"default","ast-page-background-meta":{"desktop":{"background-color":"var(--ast-global-color-4)","background-image":"","background-repeat":"repeat","background-position":"center center","background-size":"auto","background-attachment":"scroll","background-type":"","background-media":"","overlay-type":"","overlay-color":"","overlay-opacity":"","overlay-gradient":""},"tablet":{"background-color":"","background-image":"","background-repeat":"repeat","background-position":"center center","background-size":"auto","background-attachment":"scroll","background-type":"","background-media":"","overlay-type":"","overlay-color":"","overlay-opacity":"","overlay-gradient":""},"mobile":{"background-color":"","background-image":"","background-repeat":"repeat","background-position":"center center","background-size":"auto","background-attachment":"scroll","background-type":"","background-media":"","overlay-type":"","overlay-color":"","overlay-opacity":"","overlay-gradient":""}},"ast-content-background-meta":{"desktop":{"background-color":"var(--ast-global-color-5)","background-image":"","background-repeat":"repeat","background-position":"center center","background-size":"auto","background-attachment":"scroll","background-type":"","background-media":"","overlay-type":"","overlay-color":"","overlay-opacity":"","overlay-gradient":""},"tablet":{"background-color":"var(--ast-global-color-5)","background-image":"","background-repeat":"repeat","background-position":"center center","background-size":"auto","background-attachment":"scroll","background-type":"","background-media":"","overlay-type":"","overlay-color":"","overlay-opacity":"","overlay-gradient":""},"mobile":{"background-color":"var(--ast-global-color-5)","background-image":"","background-repeat":"repeat","background-position":"center center","background-size":"auto","background-attachment":"scroll","background-type":"","background-media":"","overlay-type":"","overlay-color":"","overlay-opacity":"","overlay-gradient":""}},"footnotes":""},"class_list":["post-2370","page","type-page","status-publish","has-post-thumbnail","hentry"],"uagb_featured_image_src":{"full":["https:\/\/skargardsskolan.fi\/wp-content\/uploads\/skargardsskolan-brollop.jpg",2048,1365,false],"thumbnail":["https:\/\/skargardsskolan.fi\/wp-content\/uploads\/skargardsskolan-brollop-150x150.jpg",150,150,true],"medium":["https:\/\/skargardsskolan.fi\/wp-content\/uploads\/skargardsskolan-brollop-300x200.jpg",300,200,true],"medium_large":["https:\/\/skargardsskolan.fi\/wp-content\/uploads\/skargardsskolan-brollop-768x512.jpg",768,512,true],"large":["https:\/\/skargardsskolan.fi\/wp-content\/uploads\/skargardsskolan-brollop-1024x683.jpg",1024,683,true],"1536x1536":["https:\/\/skargardsskolan.fi\/wp-content\/uploads\/skargardsskolan-brollop-1536x1024.jpg",1536,1024,true],"2048x2048":["https:\/\/skargardsskolan.fi\/wp-content\/uploads\/skargardsskolan-brollop.jpg",2048,1365,false]},"uagb_author_info":{"display_name":"Frank","author_link":"https:\/\/skargardsskolan.fi\/fi\/author\/admin-378125446\/"},"uagb_comment_info":0,"uagb_excerpt":"Naimisiin saaristossa Haaveiletko aidoista saaristoh\u00e4ist\u00e4? Niihin saaristokoulu on t\u00e4ydellinen paikka. Tarjoamme majoitusta yli sadalle h\u00e4\u00e4juhlan vieraalle, kirkko on k\u00e4velymatkan p\u00e4\u00e4ss\u00e4 (500 metri\u00e4), meill\u00e4 on oma catering-yhteisty\u00f6kumppani (Anders Fagerlund) ja upea milj\u00f6\u00f6. Autamme sinua l\u00f6yt\u00e4m\u00e4\u00e4n paikallisia toimijoita h\u00e4\u00e4juhlasi toteuttamiseen. Ota yhteytt\u00e4, niin j\u00e4rjestet\u00e4\u00e4n asiat!","_links":{"self":[{"href":"https:\/\/skargardsskolan.fi\/fi\/wp-json\/wp\/v2\/pages\/2370","targetHints":{"allow":["GET"]}}],"collection":[{"href":"https:\/\/skargardsskolan.fi\/fi\/wp-json\/wp\/v2\/pages"}],"about":[{"href":"https:\/\/skargardsskolan.fi\/fi\/wp-json\/wp\/v2\/types\/page"}],"author":[{"embeddable":true,"href":"https:\/\/skargardsskolan.fi\/fi\/wp-json\/wp\/v2\/users\/1"}],"replies":[{"embeddable":true,"href":"https:\/\/skargardsskolan.fi\/fi\/wp-json\/wp\/v2\/comments?post=2370"}],"version-history":[{"count":0,"href":"https:\/\/skargardsskolan.fi\/fi\/wp-json\/wp\/v2\/pages\/2370\/revisions"}],"wp:featuredmedia":[{"embeddable":true,"href":"https:\/\/skargardsskolan.fi\/fi\/wp-json\/wp\/v2\/media\/2427"}],"wp:attachment":[{"href":"https:\/\/skargardsskolan.fi\/fi\/wp-json\/wp\/v2\/media?parent=2370"}],"curies":[{"name":"wp","href":"https:\/\/api.w.org\/{rel}","templated":true}]}}