{"id":2347,"date":"2023-10-05T15:08:37","date_gmt":"2023-10-05T12:08:37","guid":{"rendered":"https:\/\/vcr2cxsq447.c.updraftclone.com\/tietoa-houtskarista\/"},"modified":"2024-02-28T10:14:08","modified_gmt":"2024-02-28T08:14:08","slug":"konferenssit","status":"publish","type":"page","link":"https:\/\/skargardsskolan.fi\/fi\/konferenssit\/","title":{"rendered":"Konferenssit"},"content":{"rendered":"\n<div class=\"wp-block-uagb-container uagb-block-5e6a577f alignfull uagb-is-root-container\"><div class=\"uagb-container-inner-blocks-wrap\">\n<p>Suunnitteletko yrityksesi pit\u00e4v\u00e4n konferenssia saaristossa? Sk\u00e4rg\u00e5rdsskolan tarjoaa majoitusta, ruokaa ja tiloja t\u00e4m\u00e4n mahdollistamiseksi. <a href=\"https:\/\/skargardsskolan.fi\/fi\/yhteystiedot\/\">Ota yhteytt\u00e4<\/a>, niin keskustellaan lis\u00e4\u00e4.<\/p>\n<\/div><\/div>\n","protected":false},"excerpt":{"rendered":"<p>Suunnitteletko yrityksesi pit\u00e4v\u00e4n konferenssia saaristossa? Sk\u00e4rg\u00e5rdsskolan tarjoaa majoitusta, ruokaa ja tiloja t\u00e4m\u00e4n mahdollistamiseksi. Ota yhteytt\u00e4, niin keskustellaan lis\u00e4\u00e4.<\/p>\n","protected":false},"author":1,"featured_media":2430,"parent":0,"menu_order":6,"comment_status":"closed","ping_status":"closed","template":"","meta":{"_uag_custom_page_level_css":"","site-sidebar-layout":"default","site-content-layout":"","ast-site-content-layout":"default","site-content-style":"default","site-sidebar-style":"default","ast-global-header-display":"","ast-banner-title-visibility":"","ast-main-header-display":"","ast-hfb-above-header-display":"","ast-hfb-below-header-display":"","ast-hfb-mobile-header-display":"","site-post-title":"","ast-breadcrumbs-content":"","ast-featured-img":"","footer-sml-layout":"","ast-disable-related-posts":"","theme-transparent-header-meta":"","adv-header-id-meta":"","stick-header-meta":"","header-above-stick-meta":"","header-main-stick-meta":"","header-below-stick-meta":"","astra-migrate-meta-layouts":"default","ast-page-background-enabled":"default","ast-page-background-meta":{"desktop":{"background-color":"var(--ast-global-color-4)","background-image":"","background-repeat":"repeat","background-position":"center center","background-size":"auto","background-attachment":"scroll","background-type":"","background-media":"","overlay-type":"","overlay-color":"","overlay-opacity":"","overlay-gradient":""},"tablet":{"background-color":"","background-image":"","background-repeat":"repeat","background-position":"center center","background-size":"auto","background-attachment":"scroll","background-type":"","background-media":"","overlay-type":"","overlay-color":"","overlay-opacity":"","overlay-gradient":""},"mobile":{"background-color":"","background-image":"","background-repeat":"repeat","background-position":"center center","background-size":"auto","background-attachment":"scroll","background-type":"","background-media":"","overlay-type":"","overlay-color":"","overlay-opacity":"","overlay-gradient":""}},"ast-content-background-meta":{"desktop":{"background-color":"var(--ast-global-color-5)","background-image":"","background-repeat":"repeat","background-position":"center center","background-size":"auto","background-attachment":"scroll","background-type":"","background-media":"","overlay-type":"","overlay-color":"","overlay-opacity":"","overlay-gradient":""},"tablet":{"background-color":"var(--ast-global-color-5)","background-image":"","background-repeat":"repeat","background-position":"center center","background-size":"auto","background-attachment":"scroll","background-type":"","background-media":"","overlay-type":"","overlay-color":"","overlay-opacity":"","overlay-gradient":""},"mobile":{"background-color":"var(--ast-global-color-5)","background-image":"","background-repeat":"repeat","background-position":"center center","background-size":"auto","background-attachment":"scroll","background-type":"","background-media":"","overlay-type":"","overlay-color":"","overlay-opacity":"","overlay-gradient":""}},"footnotes":""},"class_list":["post-2347","page","type-page","status-publish","has-post-thumbnail","hentry"],"uagb_featured_image_src":{"full":["https:\/\/skargardsskolan.fi\/wp-content\/uploads\/skargardsskolan-houtskar.jpg",2048,1365,false],"thumbnail":["https:\/\/skargardsskolan.fi\/wp-content\/uploads\/skargardsskolan-houtskar-150x150.jpg",150,150,true],"medium":["https:\/\/skargardsskolan.fi\/wp-content\/uploads\/skargardsskolan-houtskar-300x200.jpg",300,200,true],"medium_large":["https:\/\/skargardsskolan.fi\/wp-content\/uploads\/skargardsskolan-houtskar-768x512.jpg",768,512,true],"large":["https:\/\/skargardsskolan.fi\/wp-content\/uploads\/skargardsskolan-houtskar-1024x683.jpg",1024,683,true],"1536x1536":["https:\/\/skargardsskolan.fi\/wp-content\/uploads\/skargardsskolan-houtskar-1536x1024.jpg",1536,1024,true],"2048x2048":["https:\/\/skargardsskolan.fi\/wp-content\/uploads\/skargardsskolan-houtskar.jpg",2048,1365,false]},"uagb_author_info":{"display_name":"Frank","author_link":"https:\/\/skargardsskolan.fi\/fi\/author\/admin-378125446\/"},"uagb_comment_info":0,"uagb_excerpt":"Suunnitteletko yrityksesi pit\u00e4v\u00e4n konferenssia saaristossa? Sk\u00e4rg\u00e5rdsskolan tarjoaa majoitusta, ruokaa ja tiloja t\u00e4m\u00e4n mahdollistamiseksi. Ota yhteytt\u00e4, niin keskustellaan lis\u00e4\u00e4.","_links":{"self":[{"href":"https:\/\/skargardsskolan.fi\/fi\/wp-json\/wp\/v2\/pages\/2347","targetHints":{"allow":["GET"]}}],"collection":[{"href":"https:\/\/skargardsskolan.fi\/fi\/wp-json\/wp\/v2\/pages"}],"about":[{"href":"https:\/\/skargardsskolan.fi\/fi\/wp-json\/wp\/v2\/types\/page"}],"author":[{"embeddable":true,"href":"https:\/\/skargardsskolan.fi\/fi\/wp-json\/wp\/v2\/users\/1"}],"replies":[{"embeddable":true,"href":"https:\/\/skargardsskolan.fi\/fi\/wp-json\/wp\/v2\/comments?post=2347"}],"version-history":[{"count":0,"href":"https:\/\/skargardsskolan.fi\/fi\/wp-json\/wp\/v2\/pages\/2347\/revisions"}],"wp:featuredmedia":[{"embeddable":true,"href":"https:\/\/skargardsskolan.fi\/fi\/wp-json\/wp\/v2\/media\/2430"}],"wp:attachment":[{"href":"https:\/\/skargardsskolan.fi\/fi\/wp-json\/wp\/v2\/media?parent=2347"}],"curies":[{"name":"wp","href":"https:\/\/api.w.org\/{rel}","templated":true}]}}