{"id":2336,"date":"2023-10-05T15:06:31","date_gmt":"2023-10-05T12:06:31","guid":{"rendered":"https:\/\/vcr2cxsq447.c.updraftclone.com\/tulevat-kurssit\/"},"modified":"2026-04-10T22:28:39","modified_gmt":"2026-04-10T19:28:39","slug":"tulevat-kurssit","status":"publish","type":"page","link":"https:\/\/skargardsskolan.fi\/fi\/tulevat-kurssit\/","title":{"rendered":"Tulevat kurssit"},"content":{"rendered":"\n<div class=\"wp-block-uagb-container uagb-block-ddac129d alignfull uagb-is-root-container\"><div class=\"uagb-container-inner-blocks-wrap\">\n<h2 class=\"wp-block-heading\">Sekatekniikkamaalauksen intensiivikurssit 2026<\/h2>\n\n\n\n<p>Turun ulkosaaristo, kev\u00e4\u00e4st\u00e4 my\u00f6h\u00e4iseen syksyyn, mieluinen harrastus, samanhenkinen seura, uusia ideoita, aikaa toteuttaa niit\u00e4, eik\u00e4 ruokaakaan tarvitse itse tehd\u00e4. Miten ihania syit\u00e4 l\u00e4hte\u00e4 Houtskariin.<\/p>\n\n\n\n<div class=\"wp-block-uagb-image alignleft uagb-block-9aecfac7 wp-block-uagb-image--layout-default wp-block-uagb-image--effect-static wp-block-uagb-image--align-left\"><figure class=\"wp-block-uagb-image__figure\"><img decoding=\"async\" srcset=\"https:\/\/skargardsskolan.fi\/wp-content\/uploads\/seija-sainio-houtskari-2025.jpg ,https:\/\/skargardsskolan.fi\/wp-content\/uploads\/seija-sainio-houtskari-2025.jpg 780w, https:\/\/skargardsskolan.fi\/wp-content\/uploads\/seija-sainio-houtskari-2025.jpg 360w\" sizes=\"auto, (max-width: 480px) 150px\" src=\"https:\/\/skargardsskolan.fi\/wp-content\/uploads\/seija-sainio-houtskari-2025.jpg\" alt=\"\" class=\"uag-image-2780\" width=\"800\" height=\"352\" title=\"seija-sainio-houtskari-2025\" loading=\"lazy\" role=\"img\"><\/figure><\/div>\n\n\n\n<p>Sekatekniikkamaalauksessa yhdistet\u00e4\u00e4n useita eri tekniikoita samaan ty\u00f6h\u00f6n. Jokaisen kurssin aluksi kertaamme tarvittaessa lyhyesti kurssiaikana k\u00e4ytett\u00e4v\u00e4t vesiliukoiset perusaineet nopeiden ja hitaiden maalausmenetelmien luonteen ymm\u00e4rt\u00e4miseksi. Sovellamme niit\u00e4 erilaisiin kokeiluihin, ajatuksena paitsi laajentaa n\u00e4kemyst\u00e4 taiteenlajista, tuoda sit\u00e4 esiin omassa ilmaisussa havaintojen, intuition ja omakohtaisen tekemisen vuoropuheluna. Kurssi sis\u00e4lt\u00e4\u00e4 ohjausta yksil\u00f6lliseen, itsen\u00e4iseen ty\u00f6skentelyyn oman mieltymyksen mukaisesti.<\/p>\n\n\n\n<div class=\"wp-block-buttons is-layout-flex wp-block-buttons-is-layout-flex\">\n<div class=\"wp-block-button\"><a class=\"wp-block-button__link wp-element-button\" href=\"https:\/\/www.seijasainio.fi\/tiedot\/?permalink=houtskari-sekatekniikkamaalauksen-intensiivikurssit-2026\" target=\"_blank\" rel=\"noreferrer noopener\"><strong>Li<\/strong>s\u00e4\u00e4 aiheesta (seijasainio.fi)<\/a><\/div>\n<\/div>\n<\/div><\/div>\n\n\n\n<div class=\"wp-block-uagb-container uagb-block-c18e1460 alignfull uagb-is-root-container\"><div class=\"uagb-container-inner-blocks-wrap\">\n<p><strong>KOKEILEVA SEKATEKNIIKKAMAALAUS\u202f ma &#8211; pe 4.-8.5.2026<\/strong><\/p>\n\n\n\n<p>KURSSIHINTA:\u202f380 euroa (sis.alv.) sis\u00e4lt\u00e4\u00e4 opetuksen (kuvataiteilija Seija Sainio), t\u00e4ysihoidon (majoitus kahden hengen huoneessa, ateriat: aamupala, lounas, v\u00e4lipala, p\u00e4iv\u00e4llinen, iltapala). Majoitus yhden hengen huoneessa, kokonaishinta 450 euroa. Mukaan mahtuu 15 kurssilaista.<\/p>\n\n\n\n<p><strong>KOKEILEVA SEKATEKNIIKKAMAALAUS ma &#8211; la 15.-20.6.2026<\/strong><\/p>\n\n\n\n<p>KURSSIHINTA:\u202f430 euroa (sis.alv.) sis\u00e4lt\u00e4\u00e4 opetuksen (kuvataiteilija Seija Sainio), t\u00e4ysihoidon (majoitus kahden hengen huoneessa, ateriat: aamupala, lounas, v\u00e4lipala, p\u00e4iv\u00e4llinen, iltapala). Majoitus yhden hengen huoneessa, kokonaishinta 510 euroa. Mukaan mahtuu 15 kurssilaista.<\/p>\n\n\n\n<p><strong>KOKEILEVA SEKATEKNIIKKAMAALAUS ma &#8211; su 22.-28.6.2026<\/strong><\/p>\n\n\n\n<p>KURSSIHINTA:\u202f540 euroa (sis.alv.) sis\u00e4lt\u00e4\u00e4 opetuksen (kuvataiteilija Seija Sainio), t\u00e4ysihoidon (majoitus kahden hengen hengen huoneessa, ateriat: aamupala, lounas, v\u00e4lipala, p\u00e4iv\u00e4llinen, iltapala). Majoitus yhden hengen huoneessa, kokonaishinta 630 euroa. Mukaan mahtuu 15 kurssilaista.<\/p>\n\n\n\n<p><strong>KOKEILEVA SEKATEKNIIKKAMAALAUS to &#8211; ke 23.-29.7.2026<\/strong><\/p>\n\n\n\n<p>KURSSIHINTA:\u202f540 euroa (sis.alv.) sis\u00e4lt\u00e4\u00e4 opetuksen (kuvataiteilija Seija Sainio), t\u00e4ysihoidon (majoitus kahden hengen huoneessa, ateriat: aamupala, lounas, v\u00e4lipala, p\u00e4iv\u00e4llinen, iltapala). Majoitus yhden hengen huoneessa, kokonaishinta 630 euroa. Mukaan mahtuu 15 kurssilaista.<\/p>\n\n\n\n<p><strong>KOKEILEVA SEKATEKNIIKKAMAALAUS pe &#8211; la 14.-22.8.2026<\/strong><\/p>\n\n\n\n<p>KURSSIHINTA:\u202f700 euroa (sis.alv.) sis\u00e4lt\u00e4\u00e4 opetuksen (kuvataiteilija Seija Sainio), t\u00e4ysihoidon (majoitus kahden hengen huoneessa, ateriat: aamupala, lounas, v\u00e4lipala, p\u00e4iv\u00e4llinen, iltapala). Majoitus yhden hengen huoneessa, kokonaishinta 820 euroa. Mukaan mahtuu 15 kurssilaista.<\/p>\n\n\n\n<p><strong>KOKEILEVA SEKATEKNIIKKAMAALAUS to &#8211; su 10.-13.9.2026<\/strong><\/p>\n\n\n\n<p>KURSSIHINTA:\u202f275 euroa (sis.alv.) sis\u00e4lt\u00e4\u00e4 opetuksen (kuvataiteilija Seija Sainio), t\u00e4ysihoidon (majoitus kahden hengen huoneessa, ateriat: aamupala, lounas, v\u00e4lipala, p\u00e4iv\u00e4llinen, iltapala). Majoitus yhden hengen huoneessa, kokonaishinta 335 euroa. Mukaan mahtuu 15 kurssilaista.<\/p>\n\n\n\n<p><strong>KOKEILEVA SEKATEKNIIKKAMAALAUS to &#8211; su 15.-18.10.2026<\/strong><\/p>\n\n\n\n<p>KURSSIHINTA:\u202f275 euroa (sis.alv.) sis\u00e4lt\u00e4\u00e4 opetuksen (kuvataiteilija Seija Sainio), t\u00e4ysihoidon (majoitus kahden hengen huoneessa, ateriat: aamupala, lounas, v\u00e4lipala, p\u00e4iv\u00e4llinen, iltapala). Majoitus yhden hengen huoneessa, kokonaishinta 335 euroa. Mukaan mahtuu 15 kurssilaista.<\/p>\n\n\n\n<p><strong>KAIKKIEN MAALAUSKURSSIEN LIS\u00c4TIEDOT:\u202f<\/strong><\/p>\n\n\n\n<p>Seija Sainio p. 0400 572 179 tai <a href=\"mailto:seija@seijasainio.fi\" target=\"_blank\" rel=\"noreferrer noopener\">seija@seijasainio.fi<\/a><\/p>\n\n\n\n<p><strong>SITOVAT\u202fILMOITTAUTUMISET:\u202f<\/strong><\/p>\n\n\n\n<p>Ilmoittaudu osoitteeseen\u202f<a href=\"mailto:seija@seijasainio.fi\" target=\"_blank\" rel=\"noreferrer noopener\">seija@seijasainio.fi<\/a>. Saat s\u00e4hk\u00f6postiisi muutaman p\u00e4iv\u00e4n sis\u00e4ll\u00e4 ilmoittautumisvahvistuksen sek\u00e4 noin kahta viikkoa ennen kurssin alkua kurssikirjeen k\u00e4yt\u00e4nteist\u00e4. Ilmoita samalla saako sp-osoitteesi n\u00e4ky\u00e4 muille ilmoittautuneille kurssikirjett\u00e4 postittaessani. T\u00e4m\u00e4 siksi, ett\u00e4 jotkut haluavat tarjota tai saattavat tarvita kimppakyyti\u00e4. Jos itse tarjoat tai haluaisit kyyti\u00e4, kerro ilmoittautuessasi my\u00f6s mist\u00e4 suunnalta.<\/p>\n<\/div><\/div>\n\n\n\n<div class=\"wp-block-uagb-container uagb-block-419b8360 alignfull uagb-is-root-container\"><div class=\"uagb-container-inner-blocks-wrap\">\n<hr class=\"wp-block-separator has-alpha-channel-opacity is-style-wide\"\/>\n<\/div><\/div>\n\n\n\n<div class=\"wp-block-uagb-container uagb-block-f2443dee alignfull uagb-is-root-container\"><div class=\"uagb-container-inner-blocks-wrap\">\n<h2 class=\"wp-block-heading\">AISTI SAARISTON KASVIT 24.-26.7.2026<\/h2>\n\n\n\n<p><strong>Taidekurssi Houtskarin saaristolaiskoulussa<\/strong><\/p>\n\n\n\n<p>Tule maalaamaan tai plirt\u00e4m\u00e4\u00e4n itsellesi oma kasvi, kasvinosa, kasvitaulu tai vaikka kokonainen puutarha. Aikaisempi harrastuneisuus on hyv\u00e4ksi. Voit ty\u00f6skennell\u00e4 mallin tai mielikuvituksen avulla. K\u00e4ymme luonnossa aisti kasvit -k\u00e4velyill\u00e4, jolloin voit my\u00f6s tallettaa omalla k\u00e4nnykk\u00e4kameralla itsellesi t\u00e4rkeit\u00e4 havaintoja.<br><br>Tekniikka: puuv\u00e4rit, v\u00e4riliidut, vesi tai akryyliv\u00e4rit. Ohjaajalla eli Paulalla on erityisesti \u00f6ljyv\u00e4rimaalausosaamista.<\/p>\n\n\n\n<h3 class=\"wp-block-heading\">Aisti taidekurssin sis\u00e4lt\u00f6:<\/h3>\n\n\n\n<p>S\u00e4\u00e4st\u00e4 rippuen ty\u00f6skentely\u00e4 sis\u00e4tiloissa ja luonnossa. Kerron saariston kasvilajeista ja taidety\u00f6skentelyn perusteista, kuten v\u00e4riopista ja sommittelusta.<\/p>\n\n\n\n<p>Keskitymme siihen, mik\u00e4 on sinun oma tapasi kokea ja kuvata kasvit. Se voi olla yksityiskohta kasvista, esitt\u00e4v\u00e4 tai abstrakti, intuitiivinen ilmaisu tai realistinen kuvaus.<\/p>\n\n\n\n<p>Ota omat v\u00e4lineet mukaan: kentt\u00e4teline, lehti\u00f6t, v\u00e4rit ym. kasviluennoista, taideohjauksesta ja opetuksesta vastaa Paula Kangasniemi, FM, KM, kuvataiteilija.<\/p>\n\n\n\n<p><strong>Kurssihinta: 230\u20ac sis\u00e4lt\u00e4\u00e4 majoituksen jaetussa kahden hengen<\/strong> huoneessa, ruuan, saunan ja ohjelman yhteens\u00e4 20 tuntia.<br>Ilmoittautumiset: <a href=\"mailto:paula.kangasniemi@aalto.fi\" target=\"_blank\" rel=\"noreferrer noopener\">paula.kangasniemi@aalto.fi<\/a><\/p>\n\n\n\n<p>Paula Kangasniemi on opettaja, kuvataiteilija, tutkija.<br>&#8220;Olen opettanut ja ohjannut kursseja kahdeksan vuotta, maalannut 13 vuotta ja opiskellut taidealaa yli 10 vuotta.&#8221;<\/p>\n\n\n\n<p>T\u00e4m\u00e4 taidekurssi ei ole suorittamista varten. Se on heng\u00e4hdys, pys\u00e4hdys ja lempea tila aistia ja luoda. P\u00e4iv\u00e4t rakentuvat rennosti inspiraation, kokeilun ja yhdess\u00e4 tekemisen ymp\u00e4rille. Saat rohkeutta tarttua v\u00e4reihin, leikki\u00e4 sommittelulla ja antaa oman ilmaisusi virrata vapaasti.<br><br>Ohjauksesta vastaa kuvataiteilija Paula, joka kuljettaa sinua lempe\u00e4sti aistimaan luontoa ja kohti omaa luovuuttasi, ilman paineita, ilman oikeaa tai v\u00e4\u00e4r\u00e4\u00e4.<\/p>\n\n\n\n<h4 class=\"wp-block-heading\">Kurssin aikana:<\/h4>\n\n\n\n<ul class=\"wp-block-list\">\n<li>inspiroidut saariston luonnosta, kasveista ja havaitsemisesta<\/li>\n\n\n\n<li>l\u00f6yd\u00e4t uusia tapoja ilmaista itse\u00e4si luonnon keskell\u00e4<\/li>\n\n\n\n<li>tutustut v\u00e4reihin, sommitteluun ja intuitiiviseen ty\u00f6skentelyyn<\/li>\n\n\n\n<li>opit kuuntelemaan omaa luovaa \u00e4\u00e4nt\u00e4si<\/li>\n\n\n\n<li>saat tilaa oivalluksille ja ilolle<\/li>\n<\/ul>\n\n\n\n<p>Kaikki tapahtuu kauniissa, rauhoittavassa, merellisess\u00e4 ymp\u00e4rist\u00f6ss\u00e4. L\u00e4mmin, iloinen ilmapiiri kannattelee koko kokemusta.<br>T\u00e4m\u00e4 on sinulle, joka kaipaat luovuutta, luontoyhteytt\u00e4, saariston merellisyytt\u00e4, keveytt\u00e4 ja yhteytt\u00e4 itseesi.<\/p>\n\n\n\n<p>Tule sellaisena kuin olet &amp; ja anna aistihavaintojen vied\u00e4 &lt;3<\/p>\n<\/div><\/div>\n","protected":false},"excerpt":{"rendered":"<p>Sekatekniikkamaalauksen intensiivikurssit 2026 Turun ulkosaaristo, kev\u00e4\u00e4st\u00e4 my\u00f6h\u00e4iseen syksyyn, mieluinen harrastus, samanhenkinen seura, uusia ideoita, aikaa toteuttaa niit\u00e4, eik\u00e4 ruokaakaan tarvitse itse tehd\u00e4. Miten ihania syit\u00e4 l\u00e4hte\u00e4 Houtskariin. Sekatekniikkamaalauksessa yhdistet\u00e4\u00e4n useita eri tekniikoita samaan ty\u00f6h\u00f6n. Jokaisen kurssin aluksi kertaamme tarvittaessa lyhyesti kurssiaikana k\u00e4ytett\u00e4v\u00e4t vesiliukoiset perusaineet nopeiden ja hitaiden maalausmenetelmien luonteen ymm\u00e4rt\u00e4miseksi. Sovellamme niit\u00e4 erilaisiin kokeiluihin, ajatuksena [&hellip;]<\/p>\n","protected":false},"author":1,"featured_media":2436,"parent":0,"menu_order":2,"comment_status":"closed","ping_status":"closed","template":"","meta":{"_uag_custom_page_level_css":"","site-sidebar-layout":"default","site-content-layout":"","ast-site-content-layout":"default","site-content-style":"default","site-sidebar-style":"default","ast-global-header-display":"","ast-banner-title-visibility":"","ast-main-header-display":"","ast-hfb-above-header-display":"","ast-hfb-below-header-display":"","ast-hfb-mobile-header-display":"","site-post-title":"","ast-breadcrumbs-content":"","ast-featured-img":"","footer-sml-layout":"","ast-disable-related-posts":"","theme-transparent-header-meta":"","adv-header-id-meta":"","stick-header-meta":"","header-above-stick-meta":"","header-main-stick-meta":"","header-below-stick-meta":"","astra-migrate-meta-layouts":"default","ast-page-background-enabled":"default","ast-page-background-meta":{"desktop":{"background-color":"var(--ast-global-color-4)","background-image":"","background-repeat":"repeat","background-position":"center center","background-size":"auto","background-attachment":"scroll","background-type":"","background-media":"","overlay-type":"","overlay-color":"","overlay-opacity":"","overlay-gradient":""},"tablet":{"background-color":"","background-image":"","background-repeat":"repeat","background-position":"center center","background-size":"auto","background-attachment":"scroll","background-type":"","background-media":"","overlay-type":"","overlay-color":"","overlay-opacity":"","overlay-gradient":""},"mobile":{"background-color":"","background-image":"","background-repeat":"repeat","background-position":"center center","background-size":"auto","background-attachment":"scroll","background-type":"","background-media":"","overlay-type":"","overlay-color":"","overlay-opacity":"","overlay-gradient":""}},"ast-content-background-meta":{"desktop":{"background-color":"var(--ast-global-color-5)","background-image":"","background-repeat":"repeat","background-position":"center center","background-size":"auto","background-attachment":"scroll","background-type":"","background-media":"","overlay-type":"","overlay-color":"","overlay-opacity":"","overlay-gradient":""},"tablet":{"background-color":"var(--ast-global-color-5)","background-image":"","background-repeat":"repeat","background-position":"center center","background-size":"auto","background-attachment":"scroll","background-type":"","background-media":"","overlay-type":"","overlay-color":"","overlay-opacity":"","overlay-gradient":""},"mobile":{"background-color":"var(--ast-global-color-5)","background-image":"","background-repeat":"repeat","background-position":"center center","background-size":"auto","background-attachment":"scroll","background-type":"","background-media":"","overlay-type":"","overlay-color":"","overlay-opacity":"","overlay-gradient":""}},"footnotes":""},"class_list":["post-2336","page","type-page","status-publish","has-post-thumbnail","hentry"],"uagb_featured_image_src":{"full":["https:\/\/skargardsskolan.fi\/wp-content\/uploads\/skargardsskolan-kurser.jpg",2048,1365,false],"thumbnail":["https:\/\/skargardsskolan.fi\/wp-content\/uploads\/skargardsskolan-kurser-150x150.jpg",150,150,true],"medium":["https:\/\/skargardsskolan.fi\/wp-content\/uploads\/skargardsskolan-kurser-300x200.jpg",300,200,true],"medium_large":["https:\/\/skargardsskolan.fi\/wp-content\/uploads\/skargardsskolan-kurser-768x512.jpg",768,512,true],"large":["https:\/\/skargardsskolan.fi\/wp-content\/uploads\/skargardsskolan-kurser-1024x683.jpg",1024,683,true],"1536x1536":["https:\/\/skargardsskolan.fi\/wp-content\/uploads\/skargardsskolan-kurser-1536x1024.jpg",1536,1024,true],"2048x2048":["https:\/\/skargardsskolan.fi\/wp-content\/uploads\/skargardsskolan-kurser.jpg",2048,1365,false]},"uagb_author_info":{"display_name":"Frank","author_link":"https:\/\/skargardsskolan.fi\/fi\/author\/admin-378125446\/"},"uagb_comment_info":0,"uagb_excerpt":"Sekatekniikkamaalauksen intensiivikurssit 2026 Turun ulkosaaristo, kev\u00e4\u00e4st\u00e4 my\u00f6h\u00e4iseen syksyyn, mieluinen harrastus, samanhenkinen seura, uusia ideoita, aikaa toteuttaa niit\u00e4, eik\u00e4 ruokaakaan tarvitse itse tehd\u00e4. Miten ihania syit\u00e4 l\u00e4hte\u00e4 Houtskariin. Sekatekniikkamaalauksessa yhdistet\u00e4\u00e4n useita eri tekniikoita samaan ty\u00f6h\u00f6n. Jokaisen kurssin aluksi kertaamme tarvittaessa lyhyesti kurssiaikana k\u00e4ytett\u00e4v\u00e4t vesiliukoiset perusaineet nopeiden ja hitaiden maalausmenetelmien luonteen ymm\u00e4rt\u00e4miseksi. Sovellamme niit\u00e4 erilaisiin kokeiluihin, ajatuksena&hellip;","_links":{"self":[{"href":"https:\/\/skargardsskolan.fi\/fi\/wp-json\/wp\/v2\/pages\/2336","targetHints":{"allow":["GET"]}}],"collection":[{"href":"https:\/\/skargardsskolan.fi\/fi\/wp-json\/wp\/v2\/pages"}],"about":[{"href":"https:\/\/skargardsskolan.fi\/fi\/wp-json\/wp\/v2\/types\/page"}],"author":[{"embeddable":true,"href":"https:\/\/skargardsskolan.fi\/fi\/wp-json\/wp\/v2\/users\/1"}],"replies":[{"embeddable":true,"href":"https:\/\/skargardsskolan.fi\/fi\/wp-json\/wp\/v2\/comments?post=2336"}],"version-history":[{"count":5,"href":"https:\/\/skargardsskolan.fi\/fi\/wp-json\/wp\/v2\/pages\/2336\/revisions"}],"predecessor-version":[{"id":2895,"href":"https:\/\/skargardsskolan.fi\/fi\/wp-json\/wp\/v2\/pages\/2336\/revisions\/2895"}],"wp:featuredmedia":[{"embeddable":true,"href":"https:\/\/skargardsskolan.fi\/fi\/wp-json\/wp\/v2\/media\/2436"}],"wp:attachment":[{"href":"https:\/\/skargardsskolan.fi\/fi\/wp-json\/wp\/v2\/media?parent=2336"}],"curies":[{"name":"wp","href":"https:\/\/api.w.org\/{rel}","templated":true}]}}