{"id":2320,"date":"2023-10-05T15:05:32","date_gmt":"2023-10-05T12:05:32","guid":{"rendered":"https:\/\/vcr2cxsq447.c.updraftclone.com\/bed-and-breakfast\/"},"modified":"2026-03-19T09:27:33","modified_gmt":"2026-03-19T07:27:33","slug":"bed-and-breakfast","status":"publish","type":"page","link":"https:\/\/skargardsskolan.fi\/fi\/bed-and-breakfast\/","title":{"rendered":"Bed and breakfast"},"content":{"rendered":"\n<div class=\"wp-block-uagb-container uagb-block-96fabb50 alignfull uagb-is-root-container\"><div class=\"uagb-container-inner-blocks-wrap\">\n<p>Bed and breakfast Houtskarissa kohtuulliseen hintaan. Tarjoamme sesongin aikana usean hengen huoneita tai m\u00f6kkej\u00e4. <a href=\"https:\/\/skargardsskolan.fi\/fi\/yhteystiedot\/\" data-type=\"page\" data-id=\"1991\">Ota yhteytt\u00e4<\/a> niin kerromme mielell\u00e4mme lis\u00e4\u00e4!<\/p>\n\n\n\n<h2 class=\"wp-block-heading\">Bed and breakfastin hinnat<\/h2>\n\n\n\n<p>Hintaan sis\u00e4ltyv\u00e4t liinavaatteet ja aamiainen.<\/p>\n\n\n\n<p>Yhden hengen huone 65\u20ac (sis. alv 14%)<\/p>\n\n\n\n<p>Kahden hengen huone 85\u20ac (sis. alv 14%)<\/p>\n\n\n\n<p>Kolmen hengen huone 105\u20ac (sis. alv 14%)<\/p>\n\n\n\n<p>M\u00f6kki (enint\u00e4\u00e4n 4 henke\u00e4) perusmaksu 60\u20ac + 15\u20ac\/henkil\u00f6  (sis. alv 14%)<\/p>\n<\/div><\/div>\n\n<div class=\"wp-block-uagb-container uagb-block-d341c5e5 alignfull uagb-is-root-container\"><div class=\"uagb-container-inner-blocks-wrap\">\t\t\t\t\t<div\n\t\t\t\t\t\tclass=\"wp-block-uagb-image-gallery uagb-block-a9d290f3     \"\n\t\t\t\t\t\tstyle=\"\"\n\t\t\t\t\t>\n\t\t\t\t\t\t\t\t\t\t\t<div class=\"spectra-image-gallery spectra-image-gallery__layout--grid spectra-image-gallery__layout--grid-col-4 spectra-image-gallery__layout--grid-col-tab-3 spectra-image-gallery__layout--grid-col-mob-2\">\n\t\t\t\t\t\t\t\t\t\t\t<div class='spectra-image-gallery__media-wrapper' data-spectra-gallery-image-id='2120' tabindex=\"0\">\n\t\t\t\t\t\t\t<div class=\"spectra-image-gallery__media spectra-image-gallery__media--grid\">\n\t\t\t\t<picture>\n\t\t\t\t\t<source media=\"(min-width: 1024px)\" srcset=\"https:\/\/skargardsskolan.fi\/wp-content\/uploads\/bedandbreakfast-3-1024x678.jpg\">\n\t\t\t\t\t<source media=\"(min-width: 768px)\" srcset=\"https:\/\/skargardsskolan.fi\/wp-content\/uploads\/bedandbreakfast-3-1024x678.jpg\">\n\t\t\t\t\t<img decoding=\"async\" class=\"spectra-image-gallery__media-thumbnail spectra-image-gallery__media-thumbnail--grid\" src=\"https:\/\/skargardsskolan.fi\/wp-content\/uploads\/bedandbreakfast-3-300x199.jpg\" alt=\"Bed &amp; Breakfast\" loading=\"lazy\" title=\"\">\n\t\t\t\t<\/picture>\n\t\t\t\t<div class=\"spectra-image-gallery__media-thumbnail-blurrer\"><\/div>\n\t\t\t\t\t\t\t\t\t\t\t<div class=\"spectra-image-gallery__media-thumbnail-caption-wrapper spectra-image-gallery__media-thumbnail-caption-wrapper--overlay\"><\/div>\n\t\t\t\t\t\t\t\t<\/div>\n\t\t\t\t\t\t<\/div>\n\t\t\t\t\t\t<div class='spectra-image-gallery__media-wrapper' data-spectra-gallery-image-id='2111' tabindex=\"0\">\n\t\t\t\t\t\t\t<div class=\"spectra-image-gallery__media spectra-image-gallery__media--grid\">\n\t\t\t\t<picture>\n\t\t\t\t\t<source media=\"(min-width: 1024px)\" srcset=\"https:\/\/skargardsskolan.fi\/wp-content\/uploads\/bedandbreakfast-1024x678.jpg\">\n\t\t\t\t\t<source media=\"(min-width: 768px)\" srcset=\"https:\/\/skargardsskolan.fi\/wp-content\/uploads\/bedandbreakfast-1024x678.jpg\">\n\t\t\t\t\t<img decoding=\"async\" class=\"spectra-image-gallery__media-thumbnail spectra-image-gallery__media-thumbnail--grid\" src=\"https:\/\/skargardsskolan.fi\/wp-content\/uploads\/bedandbreakfast-300x199.jpg\" alt=\"Bed &amp; Breakfast\" loading=\"lazy\" title=\"\">\n\t\t\t\t<\/picture>\n\t\t\t\t<div class=\"spectra-image-gallery__media-thumbnail-blurrer\"><\/div>\n\t\t\t\t\t\t\t\t\t\t\t<div class=\"spectra-image-gallery__media-thumbnail-caption-wrapper spectra-image-gallery__media-thumbnail-caption-wrapper--overlay\"><\/div>\n\t\t\t\t\t\t\t\t<\/div>\n\t\t\t\t\t\t<\/div>\n\t\t\t\t\t\t<div class='spectra-image-gallery__media-wrapper' data-spectra-gallery-image-id='2117' tabindex=\"0\">\n\t\t\t\t\t\t\t<div class=\"spectra-image-gallery__media spectra-image-gallery__media--grid\">\n\t\t\t\t<picture>\n\t\t\t\t\t<source media=\"(min-width: 1024px)\" srcset=\"https:\/\/skargardsskolan.fi\/wp-content\/uploads\/bedandbreakfast-2-1024x684.jpg\">\n\t\t\t\t\t<source media=\"(min-width: 768px)\" srcset=\"https:\/\/skargardsskolan.fi\/wp-content\/uploads\/bedandbreakfast-2-1024x684.jpg\">\n\t\t\t\t\t<img decoding=\"async\" class=\"spectra-image-gallery__media-thumbnail spectra-image-gallery__media-thumbnail--grid\" src=\"https:\/\/skargardsskolan.fi\/wp-content\/uploads\/bedandbreakfast-2-300x200.jpg\" alt=\"Bed &amp; Breakfast\" loading=\"lazy\" title=\"\">\n\t\t\t\t<\/picture>\n\t\t\t\t<div class=\"spectra-image-gallery__media-thumbnail-blurrer\"><\/div>\n\t\t\t\t\t\t\t\t\t\t\t<div class=\"spectra-image-gallery__media-thumbnail-caption-wrapper spectra-image-gallery__media-thumbnail-caption-wrapper--overlay\"><\/div>\n\t\t\t\t\t\t\t\t<\/div>\n\t\t\t\t\t\t<\/div>\n\t\t\t\t\t\t<div class='spectra-image-gallery__media-wrapper' data-spectra-gallery-image-id='2114' tabindex=\"0\">\n\t\t\t\t\t\t\t<div class=\"spectra-image-gallery__media spectra-image-gallery__media--grid\">\n\t\t\t\t<picture>\n\t\t\t\t\t<source media=\"(min-width: 1024px)\" srcset=\"https:\/\/skargardsskolan.fi\/wp-content\/uploads\/bedandbreakfast-1-1024x678.jpg\">\n\t\t\t\t\t<source media=\"(min-width: 768px)\" srcset=\"https:\/\/skargardsskolan.fi\/wp-content\/uploads\/bedandbreakfast-1-1024x678.jpg\">\n\t\t\t\t\t<img decoding=\"async\" class=\"spectra-image-gallery__media-thumbnail spectra-image-gallery__media-thumbnail--grid\" src=\"https:\/\/skargardsskolan.fi\/wp-content\/uploads\/bedandbreakfast-1-300x199.jpg\" alt=\"Bed &amp; Breakfast\" loading=\"lazy\" title=\"\">\n\t\t\t\t<\/picture>\n\t\t\t\t<div class=\"spectra-image-gallery__media-thumbnail-blurrer\"><\/div>\n\t\t\t\t\t\t\t\t\t\t\t<div class=\"spectra-image-gallery__media-thumbnail-caption-wrapper spectra-image-gallery__media-thumbnail-caption-wrapper--overlay\"><\/div>\n\t\t\t\t\t\t\t\t<\/div>\n\t\t\t\t\t\t<\/div>\n\t\t\t\t\t\t\t\t\t\t<\/div>\n\t\t\t\t\t\t\t\t\t\t\t\t\t\t\t\t\t\t<\/div>\n\t\t\t\t\t\t\t\t\t<\/div><\/div>\n","protected":false},"excerpt":{"rendered":"<p>Bed and breakfast Houtskarissa kohtuulliseen hintaan. Tarjoamme sesongin aikana usean hengen huoneita tai m\u00f6kkej\u00e4. Ota yhteytt\u00e4 niin kerromme mielell\u00e4mme lis\u00e4\u00e4! Bed and breakfastin hinnat Hintaan sis\u00e4ltyv\u00e4t liinavaatteet ja aamiainen. Yhden hengen huone 65\u20ac (sis. alv 14%) Kahden hengen huone 85\u20ac (sis. alv 14%) Kolmen hengen huone 105\u20ac (sis. alv 14%) M\u00f6kki (enint\u00e4\u00e4n 4 henke\u00e4) perusmaksu [&hellip;]<\/p>\n","protected":false},"author":1,"featured_media":2283,"parent":0,"menu_order":1,"comment_status":"closed","ping_status":"closed","template":"","meta":{"_uag_custom_page_level_css":"","site-sidebar-layout":"default","site-content-layout":"","ast-site-content-layout":"default","site-content-style":"default","site-sidebar-style":"default","ast-global-header-display":"","ast-banner-title-visibility":"","ast-main-header-display":"","ast-hfb-above-header-display":"","ast-hfb-below-header-display":"","ast-hfb-mobile-header-display":"","site-post-title":"","ast-breadcrumbs-content":"","ast-featured-img":"","footer-sml-layout":"","ast-disable-related-posts":"","theme-transparent-header-meta":"","adv-header-id-meta":"","stick-header-meta":"","header-above-stick-meta":"","header-main-stick-meta":"","header-below-stick-meta":"","astra-migrate-meta-layouts":"default","ast-page-background-enabled":"default","ast-page-background-meta":{"desktop":{"background-color":"var(--ast-global-color-4)","background-image":"","background-repeat":"repeat","background-position":"center center","background-size":"auto","background-attachment":"scroll","background-type":"","background-media":"","overlay-type":"","overlay-color":"","overlay-opacity":"","overlay-gradient":""},"tablet":{"background-color":"","background-image":"","background-repeat":"repeat","background-position":"center center","background-size":"auto","background-attachment":"scroll","background-type":"","background-media":"","overlay-type":"","overlay-color":"","overlay-opacity":"","overlay-gradient":""},"mobile":{"background-color":"","background-image":"","background-repeat":"repeat","background-position":"center center","background-size":"auto","background-attachment":"scroll","background-type":"","background-media":"","overlay-type":"","overlay-color":"","overlay-opacity":"","overlay-gradient":""}},"ast-content-background-meta":{"desktop":{"background-color":"var(--ast-global-color-5)","background-image":"","background-repeat":"repeat","background-position":"center center","background-size":"auto","background-attachment":"scroll","background-type":"","background-media":"","overlay-type":"","overlay-color":"","overlay-opacity":"","overlay-gradient":""},"tablet":{"background-color":"var(--ast-global-color-5)","background-image":"","background-repeat":"repeat","background-position":"center center","background-size":"auto","background-attachment":"scroll","background-type":"","background-media":"","overlay-type":"","overlay-color":"","overlay-opacity":"","overlay-gradient":""},"mobile":{"background-color":"var(--ast-global-color-5)","background-image":"","background-repeat":"repeat","background-position":"center center","background-size":"auto","background-attachment":"scroll","background-type":"","background-media":"","overlay-type":"","overlay-color":"","overlay-opacity":"","overlay-gradient":""}},"footnotes":""},"class_list":["post-2320","page","type-page","status-publish","has-post-thumbnail","hentry"],"uagb_featured_image_src":{"full":["https:\/\/skargardsskolan.fi\/wp-content\/uploads\/skargardsskolan-bed-and-breakfast.jpg",2048,1365,false],"thumbnail":["https:\/\/skargardsskolan.fi\/wp-content\/uploads\/skargardsskolan-bed-and-breakfast-150x150.jpg",150,150,true],"medium":["https:\/\/skargardsskolan.fi\/wp-content\/uploads\/skargardsskolan-bed-and-breakfast-300x200.jpg",300,200,true],"medium_large":["https:\/\/skargardsskolan.fi\/wp-content\/uploads\/skargardsskolan-bed-and-breakfast-768x512.jpg",768,512,true],"large":["https:\/\/skargardsskolan.fi\/wp-content\/uploads\/skargardsskolan-bed-and-breakfast-1024x683.jpg",1024,683,true],"1536x1536":["https:\/\/skargardsskolan.fi\/wp-content\/uploads\/skargardsskolan-bed-and-breakfast-1536x1024.jpg",1536,1024,true],"2048x2048":["https:\/\/skargardsskolan.fi\/wp-content\/uploads\/skargardsskolan-bed-and-breakfast.jpg",2048,1365,false]},"uagb_author_info":{"display_name":"Frank","author_link":"https:\/\/skargardsskolan.fi\/fi\/author\/admin-378125446\/"},"uagb_comment_info":0,"uagb_excerpt":"Bed and breakfast Houtskarissa kohtuulliseen hintaan. Tarjoamme sesongin aikana usean hengen huoneita tai m\u00f6kkej\u00e4. Ota yhteytt\u00e4 niin kerromme mielell\u00e4mme lis\u00e4\u00e4! Bed and breakfastin hinnat Hintaan sis\u00e4ltyv\u00e4t liinavaatteet ja aamiainen. Yhden hengen huone 65\u20ac (sis. alv 14%) Kahden hengen huone 85\u20ac (sis. alv 14%) Kolmen hengen huone 105\u20ac (sis. alv 14%) M\u00f6kki (enint\u00e4\u00e4n 4 henke\u00e4) perusmaksu&hellip;","_links":{"self":[{"href":"https:\/\/skargardsskolan.fi\/fi\/wp-json\/wp\/v2\/pages\/2320","targetHints":{"allow":["GET"]}}],"collection":[{"href":"https:\/\/skargardsskolan.fi\/fi\/wp-json\/wp\/v2\/pages"}],"about":[{"href":"https:\/\/skargardsskolan.fi\/fi\/wp-json\/wp\/v2\/types\/page"}],"author":[{"embeddable":true,"href":"https:\/\/skargardsskolan.fi\/fi\/wp-json\/wp\/v2\/users\/1"}],"replies":[{"embeddable":true,"href":"https:\/\/skargardsskolan.fi\/fi\/wp-json\/wp\/v2\/comments?post=2320"}],"version-history":[{"count":0,"href":"https:\/\/skargardsskolan.fi\/fi\/wp-json\/wp\/v2\/pages\/2320\/revisions"}],"wp:featuredmedia":[{"embeddable":true,"href":"https:\/\/skargardsskolan.fi\/fi\/wp-json\/wp\/v2\/media\/2283"}],"wp:attachment":[{"href":"https:\/\/skargardsskolan.fi\/fi\/wp-json\/wp\/v2\/media?parent=2320"}],"curies":[{"name":"wp","href":"https:\/\/api.w.org\/{rel}","templated":true}]}}