{"id":2353,"date":"2023-10-05T15:07:59","date_gmt":"2023-10-05T12:07:59","guid":{"rendered":"https:\/\/vcr2cxsq447.c.updraftclone.com\/find-us\/"},"modified":"2026-03-19T09:06:23","modified_gmt":"2026-03-19T07:06:23","slug":"find-us","status":"publish","type":"page","link":"https:\/\/skargardsskolan.fi\/en\/find-us\/","title":{"rendered":"Find us"},"content":{"rendered":"\n<div class=\"wp-block-uagb-container uagb-block-efbc49c6 alignfull uagb-is-root-container\"><div class=\"uagb-container-inner-blocks-wrap\">\t\t\t<div \n\t\t\tclass=\"wp-block-uagb-google-map uagb-google-map__wrap uagb-block-fc6226ca     \"\n\t\t\tstyle=\"\" >\n\t\t\t\t<embed\n\t\t\t\t\tclass=\"uagb-google-map__iframe\"\n\t\t\t\t\ttitle=\"Google Map for \"\n\t\t\t\t\tsrc=\"https:\/\/maps.google.com\/maps?q=N%C3%A4sbyv%C3%A4gen%20259%2C%2021760%20Houtsk%C3%A4r&#038;z=15&#038;hl=sv&#038;t=m&#038;output=embed&#038;iwloc=near\"\n\t\t\t\t\twidth=\"640\"\n\t\t\t\t\theight=\"640\"\n\t\t\t\t\tloading=\"lazy\"\n\t\t\t\t><\/embed>\n\t\t\t<\/div>\n\t\t\t<\/div><\/div>\n\n<div class=\"wp-block-uagb-container uagb-block-adc2bf36 alignfull uagb-is-root-container\"><div class=\"uagb-container-inner-blocks-wrap\">\n<p>We are located in the center of the ring road in Houtsk\u00e4r, N\u00e4sby.<\/p>\n\n\n\n<p>The address is N\u00e4sbyv\u00e4gen 259, 21760 Houtskari.<\/p>\n\n\n\n<p>Drive towards Houtsk\u00e4r\u2019s public swimming beach at Vitteludd, and 300 meters before reaching the beach, you will find us.<\/p>\n\n\n\n<h3 class=\"wp-block-heading\">Ferry schedules<\/h3>\n\n\n\n<p>Remember to check the ferry schedule before you start.<\/p>\n\n\n\n<p><a href=\"https:\/\/www.finferries.fi\/media\/aikataulut-2023\/saaristotien-lautta-aikataulut-1.6.2023-15.4.2024.pdf\" target=\"_blank\" rel=\"noreferrer noopener\">Finferries<\/a><\/p>\n<\/div><\/div>\n","protected":false},"excerpt":{"rendered":"<p>We are located in the center of the ring road in Houtsk\u00e4r, N\u00e4sby. The address is N\u00e4sbyv\u00e4gen 259, 21760 Houtskari. Drive towards Houtsk\u00e4r\u2019s public swimming beach at Vitteludd, and 300 meters before reaching the beach, you will find us. Ferry schedules Remember to check the ferry schedule before you start. Finferries<\/p>\n","protected":false},"author":1,"featured_media":2295,"parent":0,"menu_order":5,"comment_status":"closed","ping_status":"closed","template":"","meta":{"_uag_custom_page_level_css":"","site-sidebar-layout":"default","site-content-layout":"","ast-site-content-layout":"default","site-content-style":"default","site-sidebar-style":"default","ast-global-header-display":"","ast-banner-title-visibility":"","ast-main-header-display":"","ast-hfb-above-header-display":"","ast-hfb-below-header-display":"","ast-hfb-mobile-header-display":"","site-post-title":"","ast-breadcrumbs-content":"","ast-featured-img":"","footer-sml-layout":"","ast-disable-related-posts":"","theme-transparent-header-meta":"","adv-header-id-meta":"","stick-header-meta":"","header-above-stick-meta":"","header-main-stick-meta":"","header-below-stick-meta":"","astra-migrate-meta-layouts":"default","ast-page-background-enabled":"default","ast-page-background-meta":{"desktop":{"background-color":"var(--ast-global-color-4)","background-image":"","background-repeat":"repeat","background-position":"center center","background-size":"auto","background-attachment":"scroll","background-type":"","background-media":"","overlay-type":"","overlay-color":"","overlay-opacity":"","overlay-gradient":""},"tablet":{"background-color":"","background-image":"","background-repeat":"repeat","background-position":"center center","background-size":"auto","background-attachment":"scroll","background-type":"","background-media":"","overlay-type":"","overlay-color":"","overlay-opacity":"","overlay-gradient":""},"mobile":{"background-color":"","background-image":"","background-repeat":"repeat","background-position":"center center","background-size":"auto","background-attachment":"scroll","background-type":"","background-media":"","overlay-type":"","overlay-color":"","overlay-opacity":"","overlay-gradient":""}},"ast-content-background-meta":{"desktop":{"background-color":"var(--ast-global-color-5)","background-image":"","background-repeat":"repeat","background-position":"center center","background-size":"auto","background-attachment":"scroll","background-type":"","background-media":"","overlay-type":"","overlay-color":"","overlay-opacity":"","overlay-gradient":""},"tablet":{"background-color":"var(--ast-global-color-5)","background-image":"","background-repeat":"repeat","background-position":"center center","background-size":"auto","background-attachment":"scroll","background-type":"","background-media":"","overlay-type":"","overlay-color":"","overlay-opacity":"","overlay-gradient":""},"mobile":{"background-color":"var(--ast-global-color-5)","background-image":"","background-repeat":"repeat","background-position":"center center","background-size":"auto","background-attachment":"scroll","background-type":"","background-media":"","overlay-type":"","overlay-color":"","overlay-opacity":"","overlay-gradient":""}},"footnotes":""},"class_list":["post-2353","page","type-page","status-publish","has-post-thumbnail","hentry"],"uagb_featured_image_src":{"full":["https:\/\/skargardsskolan.fi\/wp-content\/uploads\/skargardsskolan-drone.jpg",2048,1151,false],"thumbnail":["https:\/\/skargardsskolan.fi\/wp-content\/uploads\/skargardsskolan-drone-150x150.jpg",150,150,true],"medium":["https:\/\/skargardsskolan.fi\/wp-content\/uploads\/skargardsskolan-drone-300x169.jpg",300,169,true],"medium_large":["https:\/\/skargardsskolan.fi\/wp-content\/uploads\/skargardsskolan-drone-768x432.jpg",768,432,true],"large":["https:\/\/skargardsskolan.fi\/wp-content\/uploads\/skargardsskolan-drone-1024x576.jpg",1024,576,true],"1536x1536":["https:\/\/skargardsskolan.fi\/wp-content\/uploads\/skargardsskolan-drone-1536x863.jpg",1536,863,true],"2048x2048":["https:\/\/skargardsskolan.fi\/wp-content\/uploads\/skargardsskolan-drone.jpg",2048,1151,false]},"uagb_author_info":{"display_name":"Frank","author_link":"https:\/\/skargardsskolan.fi\/en\/author\/admin-378125446\/"},"uagb_comment_info":0,"uagb_excerpt":"We are located in the center of the ring road in Houtsk\u00e4r, N\u00e4sby. The address is N\u00e4sbyv\u00e4gen 259, 21760 Houtskari. Drive towards Houtsk\u00e4r\u2019s public swimming beach at Vitteludd, and 300 meters before reaching the beach, you will find us. Ferry schedules Remember to check the ferry schedule before you start. Finferries","_links":{"self":[{"href":"https:\/\/skargardsskolan.fi\/en\/wp-json\/wp\/v2\/pages\/2353","targetHints":{"allow":["GET"]}}],"collection":[{"href":"https:\/\/skargardsskolan.fi\/en\/wp-json\/wp\/v2\/pages"}],"about":[{"href":"https:\/\/skargardsskolan.fi\/en\/wp-json\/wp\/v2\/types\/page"}],"author":[{"embeddable":true,"href":"https:\/\/skargardsskolan.fi\/en\/wp-json\/wp\/v2\/users\/1"}],"replies":[{"embeddable":true,"href":"https:\/\/skargardsskolan.fi\/en\/wp-json\/wp\/v2\/comments?post=2353"}],"version-history":[{"count":0,"href":"https:\/\/skargardsskolan.fi\/en\/wp-json\/wp\/v2\/pages\/2353\/revisions"}],"wp:featuredmedia":[{"embeddable":true,"href":"https:\/\/skargardsskolan.fi\/en\/wp-json\/wp\/v2\/media\/2295"}],"wp:attachment":[{"href":"https:\/\/skargardsskolan.fi\/en\/wp-json\/wp\/v2\/media?parent=2353"}],"curies":[{"name":"wp","href":"https:\/\/api.w.org\/{rel}","templated":true}]}}