{"id":2302,"date":"2023-10-05T14:59:43","date_gmt":"2023-10-05T11:59:43","guid":{"rendered":"https:\/\/vcr2cxsq447.c.updraftclone.com\/skargardens-kurscenter-i-houtskar\/"},"modified":"2026-03-19T08:35:38","modified_gmt":"2026-03-19T06:35:38","slug":"skargardens-kurscenter-i-houtskar","status":"publish","type":"page","link":"https:\/\/skargardsskolan.fi\/en\/","title":{"rendered":"The archipelago&#8217;s course center in Houtsk\u00e4r"},"content":{"rendered":"\n<div class=\"wp-block-uagb-container uagb-block-af4b0a90 alignfull uagb-is-root-container\"><div class=\"uagb-container-inner-blocks-wrap\"><h1 class=\"has-text-align-center has-link-color wp-elements-162d9112df82e65b16b697860e3da463 wp-block-post-title has-text-color has-ast-global-color-5-color\">The archipelago&#8217;s course center in Houtsk\u00e4r<\/h1><\/div><\/div>\n\n<div id=\"start\" class=\"wp-block-uagb-container uagb-block-9c245cfc alignfull uagb-is-root-container\"><div class=\"uagb-container-inner-blocks-wrap\">\n<h2 class=\"wp-block-heading\">Versatile training facility with comprehensive services<\/h2>\n\n\n\n<p>The Archipelago School is located in Houtsk\u00e4r in the church village of N\u00e4sby. Here, in the midst of the wonderful archipelago of \u00c5boland, you will find a versatile training facility with comprehensive services in a scenic location. We offer food, accommodation, versatile spaces, and programs suitable for various types of courses, events, camps, and writing schools.<br\/><br\/>With us, you can also organize conferences and meetings. Our capacity to accommodate guests (approximately 150 bed spaces) is unique in archipelago conditions, and our large educational and meeting spaces are equipped with modern A\/V technology. At the Archipelago School, excellent service, beautiful nature, and exquisite food come together.<br\/><br\/>Throughout the summer season, we offer <a href=\"https:\/\/vcr2cxsq447.c.updraftclone.com\/en\/bed-and-breakfast\/\" target=\"_blank\" rel=\"noopener\">Bed &amp; Breakfast<\/a> for travelers, and by agreement, it&#8217;s possible to visit us year-round.<\/p>\n\n\n\n<p>Houtsk\u00e4r is a gem in the archipelago sea with incredibly beautiful environments and nature. The sea is always close, and one can always enjoy the fantastic landscapes and nature that the archipelago offers. In Houtsk\u00e4r, around 500 people live year-round, and significantly more during the summer months. Houtsk\u00e4r offers a wide range of culture, culinary experiences, and services.<\/p>\n<\/div><\/div>\n\n<div class=\"wp-block-uagb-container uagb-block-28f66e3e alignfull uagb-is-root-container\"><div class=\"uagb-container-inner-blocks-wrap\">\n<div class=\"wp-block-uagb-container uagb-block-fd0dac40\">\n<div class=\"wp-block-uagb-info-box uagb-block-0d9a8d21 uagb-infobox__content-wrap  uagb-infobox_cta-type-all uagb-infobox-icon-above-title uagb-infobox-image-valign-top\"><a href=\"https:\/\/skargardsskolan.fi\/en\/bed-and-breakfast\/\" class=\"uagb-infobox-link-wrap uagb-infbox__link-to-all\" target=\"_self\" aria-label=\"Infobox Link\" rel=\"noopener noreferrer\" onclick=\"return true;\"><\/a><div class=\"uagb-ifb-content\"><div class=\"uagb-ifb-icon-wrap\"><svg xmlns=\"https:\/\/www.w3.org\/2000\/svg\" viewbox=\"0 0 640 512\"><path d=\"M176 288C220.1 288 256 252.1 256 208S220.1 128 176 128S96 163.9 96 208S131.9 288 176 288zM544 128H304C295.2 128 288 135.2 288 144V320H64V48C64 39.16 56.84 32 48 32h-32C7.163 32 0 39.16 0 48v416C0 472.8 7.163 480 16 480h32C56.84 480 64 472.8 64 464V416h512v48c0 8.837 7.163 16 16 16h32c8.837 0 16-7.163 16-16V224C640 170.1 597 128 544 128z\"><\/path><\/svg><\/div><div class=\"uagb-ifb-title-wrap\"><h3 class=\"uagb-ifb-title\">Bed &amp; Breakfast<\/h3><\/div><p class=\"uagb-ifb-desc\">We offer during the high season affordable options for single or multiple occupancy rooms or cottages.<\/p><div class=\"uagb-ifb-button-wrapper wp-block-button\"><\/div><\/div><\/div>\n<\/div>\n\n\n\n<div class=\"wp-block-uagb-container uagb-block-d2b505f8\">\n<div class=\"wp-block-uagb-info-box uagb-block-7038893c uagb-infobox__content-wrap  uagb-infobox_cta-type-all uagb-infobox-icon-above-title uagb-infobox-image-valign-top\"><a href=\"https:\/\/skargardsskolan.fi\/en\/own-course\/\" class=\"uagb-infobox-link-wrap uagb-infbox__link-to-all\" target=\"_self\" aria-label=\"Infobox Link\" rel=\"noopener noreferrer\" onclick=\"return true;\"><\/a><div class=\"uagb-ifb-content\"><div class=\"uagb-ifb-icon-wrap\"><svg xmlns=\"https:\/\/www.w3.org\/2000\/svg\" viewbox=\"0 0 640 512\"><path d=\"M144 48C144 21.49 165.5 0 192 0C218.5 0 240 21.49 240 48C240 74.51 218.5 96 192 96C165.5 96 144 74.51 144 48zM152 512C134.3 512 120 497.7 120 480V256.9L91.43 304.5C82.33 319.6 62.67 324.5 47.52 315.4C32.37 306.3 27.47 286.7 36.58 271.5L94.85 174.6C112.2 145.7 143.4 128 177.1 128H320V48C320 21.49 341.5 .0003 368 .0003H592C618.5 .0003 640 21.49 640 48V272C640 298.5 618.5 320 592 320H368C341.5 320 320 298.5 320 272V224H384V256H576V64H384V128H400C417.7 128 432 142.3 432 160C432 177.7 417.7 192 400 192H264V480C264 497.7 249.7 512 232 512C214.3 512 200 497.7 200 480V352H184V480C184 497.7 169.7 512 152 512L152 512z\"><\/path><\/svg><\/div><div class=\"uagb-ifb-title-wrap\"><h3 class=\"uagb-ifb-title\">Own course<\/h3><\/div><p class=\"uagb-ifb-desc\">Have you always dreamed of running your own course? Then the Archipelago School is what you&#8217;re looking for.<\/p><div class=\"uagb-ifb-button-wrapper wp-block-button\"><\/div><\/div><\/div>\n<\/div>\n\n\n\n<div class=\"wp-block-uagb-container uagb-block-e38a350e\">\n<div class=\"wp-block-uagb-info-box uagb-block-88171c11 uagb-infobox__content-wrap  uagb-infobox_cta-type-all uagb-infobox-icon-above-title uagb-infobox-image-valign-top\"><a href=\"https:\/\/skargardsskolan.fi\/en\/ongoing-courses\/\" class=\"uagb-infobox-link-wrap uagb-infbox__link-to-all\" target=\"_self\" aria-label=\"Infobox Link\" rel=\"noopener noreferrer\" onclick=\"return true;\"><\/a><div class=\"uagb-ifb-content\"><div class=\"uagb-ifb-icon-wrap\"><svg xmlns=\"https:\/\/www.w3.org\/2000\/svg\" viewbox=\"0 0 448 512\"><path d=\"M160 32V64H288V32C288 14.33 302.3 0 320 0C337.7 0 352 14.33 352 32V64H400C426.5 64 448 85.49 448 112V160H0V112C0 85.49 21.49 64 48 64H96V32C96 14.33 110.3 0 128 0C145.7 0 160 14.33 160 32zM0 192H448V464C448 490.5 426.5 512 400 512H48C21.49 512 0 490.5 0 464V192zM80 256C71.16 256 64 263.2 64 272V368C64 376.8 71.16 384 80 384H176C184.8 384 192 376.8 192 368V272C192 263.2 184.8 256 176 256H80z\"><\/path><\/svg><\/div><div class=\"uagb-ifb-title-wrap\"><h3 class=\"uagb-ifb-title\">Ongoing courses<\/h3><\/div><p class=\"uagb-ifb-desc\">Check out our course offerings and what&#8217;s happening right now or coming up soon in the Archipelago School&#8217;s facilities.<\/p><div class=\"uagb-ifb-button-wrapper wp-block-button\"><\/div><\/div><\/div>\n<\/div>\n\n\n\n<div class=\"wp-block-uagb-container uagb-block-9e0bb324\">\n<div class=\"wp-block-uagb-info-box uagb-block-58de944f uagb-infobox__content-wrap  uagb-infobox_cta-type-all uagb-infobox-icon-above-title uagb-infobox-image-valign-top\"><a href=\"https:\/\/skargardsskolan.fi\/lager-skriftskola\/\" class=\"uagb-infobox-link-wrap uagb-infbox__link-to-all\" target=\"_self\" aria-label=\"Infobox Link\" rel=\"noopener noreferrer\" onclick=\"return true;\"><\/a><div class=\"uagb-ifb-content\"><div class=\"uagb-ifb-icon-wrap\"><svg xmlns=\"https:\/\/www.w3.org\/2000\/svg\" viewbox=\"0 0 640 512\"><path d=\"M320 128C328.8 128 336 135.2 336 144V160H352C360.8 160 368 167.2 368 176C368 184.8 360.8 192 352 192H320C311.2 192 304 184.8 304 176V144C304 135.2 311.2 128 320 128zM476.8 98.06L602.4 125.1C624.4 130.9 640 150.3 640 172.8V464C640 490.5 618.5 512 592 512H48C21.49 512 0 490.5 0 464V172.8C0 150.3 15.63 130.9 37.59 125.1L163.2 98.06L302.2 5.374C312.1-1.791 327-1.791 337.8 5.374L476.8 98.06zM256 512H384V416C384 380.7 355.3 352 320 352C284.7 352 256 380.7 256 416V512zM96 192C87.16 192 80 199.2 80 208V272C80 280.8 87.16 288 96 288H128C136.8 288 144 280.8 144 272V208C144 199.2 136.8 192 128 192H96zM496 272C496 280.8 503.2 288 512 288H544C552.8 288 560 280.8 560 272V208C560 199.2 552.8 192 544 192H512C503.2 192 496 199.2 496 208V272zM96 320C87.16 320 80 327.2 80 336V400C80 408.8 87.16 416 96 416H128C136.8 416 144 408.8 144 400V336C144 327.2 136.8 320 128 320H96zM496 400C496 408.8 503.2 416 512 416H544C552.8 416 560 408.8 560 400V336C560 327.2 552.8 320 544 320H512C503.2 320 496 327.2 496 336V400zM320 88C271.4 88 232 127.4 232 176C232 224.6 271.4 264 320 264C368.6 264 408 224.6 408 176C408 127.4 368.6 88 320 88z\"><\/path><\/svg><\/div><div class=\"uagb-ifb-title-wrap\"><h3 class=\"uagb-ifb-title\">Camp and writing school<\/h3><\/div><p class=\"uagb-ifb-desc\">We offer customized camp schools according to preferences with a ready-made program.<\/p><div class=\"uagb-ifb-button-wrapper wp-block-button\"><\/div><\/div><\/div>\n<\/div>\n<\/div><\/div>\n\n<div class=\"wp-block-uagb-container uagb-block-734f9264 alignfull uagb-is-root-container\"><div class=\"uagb-container-inner-blocks-wrap\">\n<h2 class=\"wp-block-heading\">Accommodation and conference facilities<\/h2>\n\n\n\n<p>We have a large accommodation capacity, with 152 bed spaces distributed across 52 different rooms in 5 dormitories and several cottages. Shared toilets and washing facilities are just a few steps away. Down by the shore, where the sun sets, we have a wood-fired sauna, and one of the larger dormitories also has an electric sauna.<br\/><br\/>We have a spacious conference room (approximately 80 people) and several smaller meeting rooms with free WiFi.<br\/><br\/>Book your visit and come enjoy the \u00c5boland archipelago with all its possibilities.<br\/><br\/>All meals are prepared from fresh ingredients, and we bake our own bread. The kitchen has the ability to accommodate even the most challenging diets, creating delicious food that highlights the flavors of the ingredients.<\/p>\n\n\n\n<h3 class=\"wp-block-heading\"> Programs and activities<\/h3>\n\n\n\n<p>For groups, we arrange traditional sailing (old homemade skiffs), nature trail walks (5-7 km hiking in nature through typical Houtsk\u00e4r villages, concluding at the Borgberget viewpoint), visits to the Houtsk\u00e4r Archipelago Museum, and a cultural trail in N\u00e4sby. We also offer a modern sports hall where you can play floorball, volleyball, basketball, and dance.<br\/><br\/>In spring and autumn, there are plenty of large fish such as pike, perch, zander, whitefish, and sea trout. Come and catch your dream fish and stay in our accommodation cottages.<\/p>\n<\/div><\/div>\n\n<div class=\"wp-block-uagb-container uagb-block-b0d26495 alignfull uagb-is-root-container\"><div class=\"uagb-container-inner-blocks-wrap\">\n<hr class=\"wp-block-separator has-alpha-channel-opacity\"\/>\n<\/div><\/div>\n\n<div class=\"wp-block-uagb-container uagb-block-b96c5776 alignfull uagb-is-root-container\"><div class=\"uagb-container-inner-blocks-wrap\">\n<div class=\"wp-block-uagb-container uagb-block-23e42386\">\n<h4 class=\"wp-block-heading\">Elevf\u00f6rbundsh\u00e4lsningar<\/h4>\n\n\n\n<p>Kolla in senaste numret av f\u00f6reningens medlemsskrift i <a href=\"https:\/\/skargardsskolan.fi\/wp-content\/uploads\/elevforbundets-halsning-2025.pdf\" target=\"_blank\" rel=\"noreferrer noopener\">PDF-form<\/a>.<\/p>\n<\/div>\n\n\n\n<div class=\"wp-block-uagb-container uagb-layout-flex uagb-block-4a342f2a\">\n<figure class=\"wp-block-image size-large\"><a href=\"https:\/\/skargardsskolan.fi\/wp-content\/uploads\/elevforbundets-halsning-2025.pdf\" target=\"_blank\" rel=\"noreferrer noopener\"><img decoding=\"async\" width=\"724\" height=\"1024\" src=\"https:\/\/skargardsskolan.fi\/wp-content\/uploads\/\/elevforbundshalsning-nr-1-25-724x1024.jpg\" alt=\"\" class=\"wp-image-2829\" title=\"\" srcset=\"https:\/\/skargardsskolan.fi\/wp-content\/uploads\/elevforbundshalsning-nr-1-25-724x1024.jpg 724w, https:\/\/skargardsskolan.fi\/wp-content\/uploads\/elevforbundshalsning-nr-1-25-212x300.jpg 212w, https:\/\/skargardsskolan.fi\/wp-content\/uploads\/elevforbundshalsning-nr-1-25-768x1087.jpg 768w, https:\/\/skargardsskolan.fi\/wp-content\/uploads\/elevforbundshalsning-nr-1-25.jpg 1058w\" sizes=\"(max-width: 724px) 100vw, 724px\" \/><\/a><\/figure>\n\n\n\n<figure class=\"wp-block-image size-large\"><a href=\"https:\/\/skargardsskolan.fi\/wp-content\/uploads\/elevforbundshalsning-nr-1-24.pdf\" target=\"_blank\" rel=\"noreferrer noopener\"><img decoding=\"async\" width=\"724\" height=\"1024\" src=\"https:\/\/skargardsskolan.fi\/wp-content\/uploads\/\/elevforbundshalsning-nr-1-24-724x1024.jpg\" alt=\"\" class=\"wp-image-2750\" title=\"\" srcset=\"https:\/\/skargardsskolan.fi\/wp-content\/uploads\/elevforbundshalsning-nr-1-24-724x1024.jpg 724w, https:\/\/skargardsskolan.fi\/wp-content\/uploads\/elevforbundshalsning-nr-1-24-212x300.jpg 212w, https:\/\/skargardsskolan.fi\/wp-content\/uploads\/elevforbundshalsning-nr-1-24-768x1087.jpg 768w, https:\/\/skargardsskolan.fi\/wp-content\/uploads\/elevforbundshalsning-nr-1-24.jpg 1058w\" sizes=\"(max-width: 724px) 100vw, 724px\" \/><\/a><\/figure>\n<\/div>\n<\/div><\/div>\n\n<p><\/p>\n","protected":false},"excerpt":{"rendered":"<p>Versatile training facility with comprehensive services The Archipelago School is located in Houtsk\u00e4r in the church village of N\u00e4sby. Here, in the midst of the wonderful archipelago of \u00c5boland, you will find a versatile training facility with comprehensive services in a scenic location. We offer food, accommodation, versatile spaces, and programs suitable for various types [&hellip;]<\/p>\n","protected":false},"author":1,"featured_media":0,"parent":0,"menu_order":0,"comment_status":"closed","ping_status":"closed","template":"","meta":{"_uag_custom_page_level_css":"","site-sidebar-layout":"default","site-content-layout":"","ast-site-content-layout":"default","site-content-style":"default","site-sidebar-style":"default","ast-global-header-display":"","ast-banner-title-visibility":"","ast-main-header-display":"","ast-hfb-above-header-display":"","ast-hfb-below-header-display":"","ast-hfb-mobile-header-display":"","site-post-title":"disabled","ast-breadcrumbs-content":"","ast-featured-img":"","footer-sml-layout":"","ast-disable-related-posts":"","theme-transparent-header-meta":"","adv-header-id-meta":"","stick-header-meta":"","header-above-stick-meta":"","header-main-stick-meta":"","header-below-stick-meta":"","astra-migrate-meta-layouts":"default","ast-page-background-enabled":"default","ast-page-background-meta":{"desktop":{"background-color":"var(--ast-global-color-4)","background-image":"","background-repeat":"repeat","background-position":"center center","background-size":"auto","background-attachment":"scroll","background-type":"","background-media":"","overlay-type":"","overlay-color":"","overlay-opacity":"","overlay-gradient":""},"tablet":{"background-color":"","background-image":"","background-repeat":"repeat","background-position":"center center","background-size":"auto","background-attachment":"scroll","background-type":"","background-media":"","overlay-type":"","overlay-color":"","overlay-opacity":"","overlay-gradient":""},"mobile":{"background-color":"","background-image":"","background-repeat":"repeat","background-position":"center center","background-size":"auto","background-attachment":"scroll","background-type":"","background-media":"","overlay-type":"","overlay-color":"","overlay-opacity":"","overlay-gradient":""}},"ast-content-background-meta":{"desktop":{"background-color":"var(--ast-global-color-5)","background-image":"","background-repeat":"repeat","background-position":"center center","background-size":"auto","background-attachment":"scroll","background-type":"","background-media":"","overlay-type":"","overlay-color":"","overlay-opacity":"","overlay-gradient":""},"tablet":{"background-color":"var(--ast-global-color-5)","background-image":"","background-repeat":"repeat","background-position":"center center","background-size":"auto","background-attachment":"scroll","background-type":"","background-media":"","overlay-type":"","overlay-color":"","overlay-opacity":"","overlay-gradient":""},"mobile":{"background-color":"var(--ast-global-color-5)","background-image":"","background-repeat":"repeat","background-position":"center center","background-size":"auto","background-attachment":"scroll","background-type":"","background-media":"","overlay-type":"","overlay-color":"","overlay-opacity":"","overlay-gradient":""}},"footnotes":""},"class_list":["post-2302","page","type-page","status-publish","hentry"],"uagb_featured_image_src":{"full":false,"thumbnail":false,"medium":false,"medium_large":false,"large":false,"1536x1536":false,"2048x2048":false},"uagb_author_info":{"display_name":"Frank","author_link":"https:\/\/skargardsskolan.fi\/en\/author\/admin-378125446\/"},"uagb_comment_info":0,"uagb_excerpt":"Versatile training facility with comprehensive services The Archipelago School is located in Houtsk\u00e4r in the church village of N\u00e4sby. Here, in the midst of the wonderful archipelago of \u00c5boland, you will find a versatile training facility with comprehensive services in a scenic location. We offer food, accommodation, versatile spaces, and programs suitable for various types&hellip;","_links":{"self":[{"href":"https:\/\/skargardsskolan.fi\/en\/wp-json\/wp\/v2\/pages\/2302","targetHints":{"allow":["GET"]}}],"collection":[{"href":"https:\/\/skargardsskolan.fi\/en\/wp-json\/wp\/v2\/pages"}],"about":[{"href":"https:\/\/skargardsskolan.fi\/en\/wp-json\/wp\/v2\/types\/page"}],"author":[{"embeddable":true,"href":"https:\/\/skargardsskolan.fi\/en\/wp-json\/wp\/v2\/users\/1"}],"replies":[{"embeddable":true,"href":"https:\/\/skargardsskolan.fi\/en\/wp-json\/wp\/v2\/comments?post=2302"}],"version-history":[{"count":0,"href":"https:\/\/skargardsskolan.fi\/en\/wp-json\/wp\/v2\/pages\/2302\/revisions"}],"wp:attachment":[{"href":"https:\/\/skargardsskolan.fi\/en\/wp-json\/wp\/v2\/media?parent=2302"}],"curies":[{"name":"wp","href":"https:\/\/api.w.org\/{rel}","templated":true}]}}